{"id":47,"date":"2023-01-23T12:16:49","date_gmt":"2023-01-23T11:16:49","guid":{"rendered":"https:\/\/avdpa.org\/?page_id=47"},"modified":"2023-03-30T13:56:50","modified_gmt":"2023-03-30T11:56:50","slug":"nos-missions","status":"publish","type":"page","link":"https:\/\/avdpa.org\/index.php\/nos-missions\/","title":{"rendered":"Nos missions"},"content":{"rendered":"\n<div class=\"wp-block-cover\" style=\"min-height:330px;aspect-ratio:unset;\"><span aria-hidden=\"true\" class=\"wp-block-cover__background has-background-dim\"><\/span><img loading=\"lazy\" decoding=\"async\" width=\"2560\" height=\"1707\" class=\"wp-block-cover__image-background wp-image-82\" alt=\"\" src=\"https:\/\/avdpa.org\/wp-content\/uploads\/2023\/01\/photo-louise-picavet-scaled.jpg\" style=\"object-position:50% 63%\" data-object-fit=\"cover\" data-object-position=\"50% 63%\" srcset=\"https:\/\/avdpa.org\/wp-content\/uploads\/2023\/01\/photo-louise-picavet-scaled.jpg 2560w, https:\/\/avdpa.org\/wp-content\/uploads\/2023\/01\/photo-louise-picavet-300x200.jpg 300w, https:\/\/avdpa.org\/wp-content\/uploads\/2023\/01\/photo-louise-picavet-1024x683.jpg 1024w, https:\/\/avdpa.org\/wp-content\/uploads\/2023\/01\/photo-louise-picavet-768x512.jpg 768w, https:\/\/avdpa.org\/wp-content\/uploads\/2023\/01\/photo-louise-picavet-1536x1024.jpg 1536w, https:\/\/avdpa.org\/wp-content\/uploads\/2023\/01\/photo-louise-picavet-2048x1365.jpg 2048w, https:\/\/avdpa.org\/wp-content\/uploads\/2023\/01\/photo-louise-picavet-600x400.jpg 600w, https:\/\/avdpa.org\/wp-content\/uploads\/2023\/01\/photo-louise-picavet-1200x800.jpg 1200w, https:\/\/avdpa.org\/wp-content\/uploads\/2023\/01\/photo-louise-picavet-930x620.jpg 930w\" sizes=\"auto, (max-width: 2560px) 100vw, 2560px\" \/><div class=\"wp-block-cover__inner-container is-layout-flow wp-block-cover-is-layout-flow\">\n<p class=\"has-text-align-center has-x-large-font-size\">Nos missions<\/p>\n<\/div><\/div>\n\n\n\n<p><\/p>\n\n\n\n<div class=\"wp-block-columns is-layout-flex wp-container-core-columns-is-layout-9d6595d7 wp-block-columns-is-layout-flex\">\n<div class=\"wp-block-column is-layout-flow wp-block-column-is-layout-flow\" style=\"flex-basis:5%\"><\/div>\n\n\n\n<div class=\"wp-block-column is-layout-flow wp-block-column-is-layout-flow\" style=\"flex-basis:90%\">\n<p>Depuis la disparition de diff\u00e9rentes associations grenobloises, dans les ann\u00e9es 1990 (CDPA, CRPV, CAMGHI&#8230;), l&rsquo;<strong>Association pour la Valorisation et la Diffusion de la Pr\u00e9histoire Alpine <\/strong>(AVDPA) f\u00e9d\u00e8re aujourd&rsquo;hui l&rsquo;ensemble des chercheurs et amateurs d&rsquo;arch\u00e9ologie principalement du d\u00e9partement de l&rsquo;Is\u00e8re.<\/p>\n\n\n\n<p>L\u2019AVDPA est une \u00ab&nbsp;personne morale&nbsp;\u00bb utile pour la gestion des cr\u00e9dits de recherche, d\u2019\u00e9tudes, de fonctionnement de chantiers de fouilles, de publications\u2026 allou\u00e9s par les Services de l\u2019\u00c9tat (DRAC-Services r\u00e9gionaux de l\u2019arch\u00e9ologie Auvergne Rh\u00f4ne-Alpes, Nouvelle-Aquitaine, \u00cele-de-France, Provence-Alpes-C\u00f4te-d&rsquo;Azur\u2026) et\/ou les collectivit\u00e9s publiques (communes, d\u00e9partements).<\/p>\n\n\n\n<p>L\u2019AVDPA assure \u00e9galement le portage de la gestion de salari\u00e9s impliqu\u00e9s dans des chantiers de fouille programm\u00e9es au niveau national, en relation avec les universit\u00e9s, le CNRS, sans se substituer aux entreprises d\u2019arch\u00e9ologie pr\u00e9ventive.<\/p>\n\n\n\n<p>L\u2019AVDPA permet de promouvoir des colloques et des tables rondes th\u00e9matiques.<\/p>\n\n\n\n<p>L\u2019AVDPA assure des formations aupr\u00e8s des enseignants, des gardes des Parcs naturels r\u00e9gionaux, des accompagnateurs en montagne, des guides naturalistes et participe \u00e0 l\u2019encadrement des stages scolaires&#8230;<\/p>\n\n\n\n<p>L\u2019AVDPA promeut la valorisation des r\u00e9sultats de la recherche par des conf\u00e9rences, des sorties d\u00e9couvertes, des manifestations nationales ou europ\u00e9ennes en interaction avec les mus\u00e9es ou les \u00e9v\u00e9nements tels que la Science en F\u00eate, les Journ\u00e9es Europ\u00e9ennes de l\u2019Arch\u00e9ologie, la Nuit des Mus\u00e9es, les Journ\u00e9es du Patrimoine, parmi lesquels les \u00ab&nbsp;arch\u00e9orandos&nbsp;\u00bb trouvent un succ\u00e8s particulier aupr\u00e8s des vacanciers notamment. Organisation d\u2019excursions et de visites de sites \u00e0 la demande des offices du tourisme, de l\u2019Universit\u00e9 inter-\u00e2ges de Grenoble et des antennes d\u00e9localis\u00e9es.<\/p>\n\n\n\n<p>L\u2019AVDPA aide \u00e0 la fabrication des rapports scientifiques et des publications, gr\u00e2ce aux comp\u00e9tences vari\u00e9es et compl\u00e9mentaires de ses membres (\u00e9tudes lithiques, c\u00e9ramiques, faunistiques, g\u00e9oarch\u00e9ologiques\u2026) en g\u00e9rant et facilitant les r\u00e9mun\u00e9rations et par l&#8217;embauche de sp\u00e9cialistes par les responsables de fouilles programm\u00e9es.<\/p>\n\n\n\n<p>L\u2019AVDPA favorise, par son r\u00f4le d\u2019interface, la gestion et la conservation des mobiliers et des documents arch\u00e9ologiques issus des fouilles anciennes et actuelles.<\/p>\n\n\n\n<p>L\u2019AVDPA permet d\u2019intervenir en urgence sur le terrain lors de d\u00e9couvertes fortuites exceptionnelles entrant dans le champ de ses comp\u00e9tences \u00e0 la demande des entreprises d\u2019arch\u00e9ologie pr\u00e9ventives ou des collectivit\u00e9s.<\/p>\n\n\n\n<p>Par ses actions d\u2019inventaire, d\u2019archivage et de cartographie des donn\u00e9es issues de la recherche, l\u2019association contribue \u00e0 enrichir la carte arch\u00e9ologique nationale.<\/p>\n\n\n\n<p>L\u2019AVDPA est charg\u00e9e, en relation avec le Service Culture et Patrimoine de l\u2019Is\u00e8re, de la gestion des fonds documentaires (biblioth\u00e8que et donn\u00e9es de fouilles) et de leur mise \u00e0 disposition aupr\u00e8s des chercheurs, des \u00e9tudiants et des publics.<\/p>\n\n\n\n<p>L\u2019AVDPA est membre de diff\u00e9rents Conseils Scientifiques, notamment du Parc naturel r\u00e9gional du Vercors et de la R\u00e9serve naturelle nationale des Hauts Plateaux du Vercors, du Parc naturel r\u00e9gional de la Chartreuse et de la R\u00e9serve naturelle des Hauts de Chartreuse, de m\u00eame que les Espaces naturels sensibles du d\u00e9partement de l\u2019Is\u00e8re. Par ailleurs, l\u2019AVDPA est Conseill\u00e8re scientifique \u00e0 objectif mus\u00e9ographique&nbsp;: participation \u00e0 la r\u00e9alisation d\u2019expositions permanentes (Mus\u00e9e de la Pr\u00e9histoire du Vercors \u00e0 Vassieux) et temporaires (Mus\u00e9e Dauphinois, Grenoble) et partenaire du Mus\u00e9e de la Pr\u00e9histoire du Vercors \u00e0 Vassieux-en-Vercors (Dr\u00f4me) en pr\u00e9vision de la refonte mus\u00e9ographique de 2023 et de l\u2019accueil de la lithoth\u00e8que r\u00e9gionale, en cours d&rsquo;\u00e9tude.<\/p>\n<\/div>\n\n\n\n<div class=\"wp-block-column is-layout-flow wp-block-column-is-layout-flow\" style=\"flex-basis:5%\"><\/div>\n<\/div>\n\n\n\n<p><\/p>\n","protected":false},"excerpt":{"rendered":"<p>Depuis la disparition de diff\u00e9rentes associations grenobloises, dans les ann\u00e9es 1990 (CDPA, CRPV, CAMGHI&#8230;), l&rsquo;Association pour la Valorisation et la Diffusion de la Pr\u00e9histoire Alpine (AVDPA) f\u00e9d\u00e8re aujourd&rsquo;hui l&rsquo;ensemble des chercheurs et amateurs d&rsquo;arch\u00e9ologie principalement du d\u00e9partement de l&rsquo;Is\u00e8re. L\u2019AVDPA est une \u00ab&nbsp;personne morale&nbsp;\u00bb utile pour la gestion des cr\u00e9dits de recherche, d\u2019\u00e9tudes, de fonctionnement&hellip;&nbsp;<a href=\"https:\/\/avdpa.org\/index.php\/nos-missions\/\" class=\"\" rel=\"bookmark\">Lire la suite &raquo;<span class=\"screen-reader-text\">Nos missions<\/span><\/a><\/p>\n","protected":false},"author":1,"featured_media":0,"parent":0,"menu_order":0,"comment_status":"closed","ping_status":"closed","template":"","meta":{"neve_meta_sidebar":"","neve_meta_container":"full-width","neve_meta_enable_content_width":"","neve_meta_content_width":0,"neve_meta_title_alignment":"","neve_meta_author_avatar":"","neve_post_elements_order":"","neve_meta_disable_header":"","neve_meta_disable_footer":"","neve_meta_disable_title":"on","_ti_tpc_template_sync":false,"_ti_tpc_template_id":"","footnotes":""},"class_list":["post-47","page","type-page","status-publish","hentry"],"featured_image_src":null,"featured_image_src_square":null,"_links":{"self":[{"href":"https:\/\/avdpa.org\/index.php\/wp-json\/wp\/v2\/pages\/47","targetHints":{"allow":["GET"]}}],"collection":[{"href":"https:\/\/avdpa.org\/index.php\/wp-json\/wp\/v2\/pages"}],"about":[{"href":"https:\/\/avdpa.org\/index.php\/wp-json\/wp\/v2\/types\/page"}],"author":[{"embeddable":true,"href":"https:\/\/avdpa.org\/index.php\/wp-json\/wp\/v2\/users\/1"}],"replies":[{"embeddable":true,"href":"https:\/\/avdpa.org\/index.php\/wp-json\/wp\/v2\/comments?post=47"}],"version-history":[{"count":8,"href":"https:\/\/avdpa.org\/index.php\/wp-json\/wp\/v2\/pages\/47\/revisions"}],"predecessor-version":[{"id":134,"href":"https:\/\/avdpa.org\/index.php\/wp-json\/wp\/v2\/pages\/47\/revisions\/134"}],"wp:attachment":[{"href":"https:\/\/avdpa.org\/index.php\/wp-json\/wp\/v2\/media?parent=47"}],"curies":[{"name":"wp","href":"https:\/\/api.w.org\/{rel}","templated":true}]}}