{"id":104,"date":"2023-03-30T11:50:15","date_gmt":"2023-03-30T09:50:15","guid":{"rendered":"https:\/\/avdpa.org\/?page_id=104"},"modified":"2023-03-30T14:05:14","modified_gmt":"2023-03-30T12:05:14","slug":"fouille-programmee-la-grande-rivoire-sassenage-isere","status":"publish","type":"page","link":"https:\/\/avdpa.org\/index.php\/fouille-programmee-la-grande-rivoire-sassenage-isere\/","title":{"rendered":"Fouille programm\u00e9e &#8211; La Grande Rivoire, Sassenage (Is\u00e8re)"},"content":{"rendered":"\n<div class=\"wp-block-genesis-blocks-gb-columns gb-layout-columns-2 gb-2-col-wideleft\"><div class=\"gb-layout-column-wrap gb-block-layout-column-gap-2 gb-is-responsive-column\">\n<div class=\"wp-block-genesis-blocks-gb-column gb-block-layout-column\"><div class=\"gb-block-layout-column-inner\">\n<p><strong>Auteurs<\/strong>&nbsp;: Alexandre Angelin (laboratoire Arch\u00e9orient \u2013 UMR 5133)<br>Jocelyn Robbe (laboratoire TRACES \u2013 UMR 5608)<\/p>\n\n\n\n<p>Le gisement arch\u00e9ologique de la Grande Rivoire (Sassenage, Is\u00e8re) est un abri-sous-roche localis\u00e9 dans le nord du massif subalpin du Vercors. Orient\u00e9 au sud, il s\u2019ouvre au pied d\u2019une falaise de calcaire s\u00e9nonien \u00e0 silex, \u00e0 580&nbsp;m d\u2019altitude, sur le flanc ouest de la vall\u00e9e du Furon. La surface couverte par le surplomb rocheux est d\u2019environ 75 m\u00e8tres carr\u00e9s (<em>Fig.\u20081<\/em>).<\/p>\n\n\n\n<p>D\u00e9couvert en 1986, le site a fait l\u2019objet d\u2019une fouille de sauvetage entre 1986 et 1994, sous la direction de R\u00e9gis Picavet. Ce dernier y a identifi\u00e9 une importante s\u00e9quence chronostratigraphique, dilat\u00e9e sur plus de 5 m\u00e8tres d\u2019\u00e9paisseur et comprenant une succession quasi continue d\u2019occupations humaines qui se r\u00e9partissent du Premier M\u00e9solithique \u00e0 l\u2019\u00c9poque gallo-romaine (Picavet 1999). Entre 2000 et 2017, dix-huit campagnes de fouilles programm\u00e9es ont \u00e9t\u00e9 conduites sous la direction de Pierre-Yves Nicod et ont permis la fouille de tous les niveaux allant de l\u2019\u00e9poque romaine au second M\u00e9solithique dans les principaux secteurs du site (Nicod, Picavet 2003\u2009; Nicod et al. 2012).<\/p>\n\n\n\n<p>\u00c0 la Grande Rivoire, les niveaux m\u00e9solithiques sont dilat\u00e9s sur environ un m\u00e8tre d\u2019\u00e9paisseur et sont caract\u00e9ris\u00e9s par des s\u00e9diments \u00e0 forte composante anthropique (mati\u00e8re organique et cendre de bois). Les vestiges arch\u00e9ologiques sont tr\u00e8s abondants et sont principalement repr\u00e9sent\u00e9s par des restes fauniques et de l\u2019industrie lithique taill\u00e9e.<\/p>\n\n\n\n<p>En 2020, apr\u00e8s trois ann\u00e9es d\u2019inactivit\u00e9 sur le chantier arch\u00e9ologique, une nouvelle campagne de fouille programm\u00e9e a pu reprendre durant l\u2019\u00e9t\u00e9 (Angelin, Robbe 2020). Elle a concern\u00e9 une partie des derniers niveaux m\u00e9solithiques qui subsistaient encore sur 60&nbsp;cm d\u2019\u00e9paisseur pour une surface d\u2019un peu moins de 20&nbsp;m<sup>2<\/sup> au c\u0153ur m\u00eame de l\u2019abri. Il s\u2019agit du secteur du site le plus riche, le mieux prot\u00e9g\u00e9, mais aussi le plus fragile. En effet, depuis plusieurs ann\u00e9es, la fouille et l\u2019enregistrement des donn\u00e9es de terrain issues de ces couches encore en place \u00e9taient devenus une r\u00e9elle n\u00e9cessit\u00e9 tant ces d\u00e9p\u00f4ts \u00e9taient instables et menac\u00e9s, et le sont toujours, de destruction (cf. Angelin, Robbe 2020\u2009; 2021).<\/p>\n\n\n\n<p>Cette m\u00eame ann\u00e9e, les fouilles ont repris l\u00e0 o\u00f9 s\u2019\u00e9taient arr\u00eat\u00e9es celles de 2017, c\u2019est-\u00e0-dire au sommet d\u2019un niveau d\u2019\u00e9boulement et\/ou d\u2019effondrement du plafond naturel de l\u2019abri mat\u00e9rialis\u00e9 par d\u2019\u00e9normes blocs venus perturber les niveaux cendreux en place (d\u00e9capages&nbsp;d155 et d156). Apr\u00e8s avoir enti\u00e8rement fouill\u00e9 la surface sur deux d\u00e9capages (d156 et d157) et entam\u00e9 un troisi\u00e8me (d158), soit en moyenne 15&nbsp;cm d\u2019\u00e9paisseur s\u00e9dimentaire retir\u00e9e, nous avons presque pu atteindre la base de cet \u00e9v\u00e8nement sismique correspondant \u00e0 la fin de la phase moyenne du Premier M\u00e9solithique de la Grande Rivoire, dat\u00e9e vers 7\u2009600&nbsp;cal. BC (<em>Fig.\u20083<\/em>).<\/p>\n\n\n\n<p>En 2021, quatre d\u00e9capages (d159 \u00e0 d162) ont \u00e9t\u00e9 effectu\u00e9s, soit 25 cm d\u2019\u00e9paisseur s\u00e9dimentaires (en moyenne) retir\u00e9s. D\u2019un point de vue s\u00e9dimentaire, en plusieurs points de la surface, on notera une importante diminution des niveaux anthropiques cendroorganiques au profit d\u2019une extension caillouteuse. Le retrait des derniers gros blocs d\u2019effondrement \u2014 dont le sommet apparaissait d\u00e8s le d\u00e9capage&nbsp;d154 \u2014 dans les d\u00e9capages&nbsp;d160 et d162 a r\u00e9v\u00e9l\u00e9, dans la partie orientale de l\u2019abri, une surface tr\u00e8s homog\u00e8ne constitu\u00e9e de petits cailloutis associ\u00e9s \u00e0 une matrice limoneuse jaune st\u00e9rile et correspondant d\u00e9j\u00e0, tr\u00e8s probablement, \u00e0 la base des niveaux anthropiques dans cette zone de l\u2019abri.<\/p>\n\n\n\n<p>En 2022 (<em>Fig.\u20082<\/em>), quatre nouveaux d\u00e9capages (d163 \u00e0 d166) repr\u00e9sentant jusqu\u2019\u00e0 45 cm d\u2019\u00e9paisseur s\u00e9dimentaires retir\u00e9s (25 cm en moyenne) ont \u00e9t\u00e9 n\u00e9cessaires afin de constater 1) l\u2019extension des cailloutis st\u00e9riles correspondant \u00e0 la base du remplissage \u2014 en cuvette \u2014 anthropique de l\u2019abri et 2) la diminution quasi totale des niveaux cendreux, laissant apparaitre un cailloutis limonoorganique tr\u00e8s riche en mobilier qui semble marquer le sommet de la phase ancienne du Premier M\u00e9solithique de la Grande Rivoire, dat\u00e9e vers 8\u2009200 cal. BC (Fig.\u20083).<\/p>\n\n\n\n<p>Les niveaux fouill\u00e9s entre 2020 et 2022 sont \u00e0 l\u2019image des campagnes pr\u00e9c\u00e9dentes, c\u2019est-\u00e0-dire tr\u00e8s fortement anthropiques et constitu\u00e9s d\u2019un m\u00e9lange de cendres de bois, de mati\u00e8res organiques et de charbons. Le mat\u00e9riel arch\u00e9ologique mis au jour est tr\u00e8s abondant avec plusieurs milliers de restes d\u2019ossements d\u2019animaux (cervid\u00e9s, sanglier, esp\u00e8ces montagnardes\u2026) et d\u2019art\u00e9facts lithiques (silex taill\u00e9s et cristal de roche). On soulignera plusieurs d\u00e9couvertes int\u00e9ressantes et in\u00e9dites du c\u00f4t\u00e9 de l\u2019industrie osseuse comme des \u00e9l\u00e9ments de parures.<\/p>\n\n\n\n<p>Le sommet de la phase ancienne ayant \u00e9t\u00e9 atteint, nous t\u00e2cherons, en 2023, de fouiller l\u2019int\u00e9gralit\u00e9 de la phase ancienne du Premier M\u00e9solithique (ca. 8\u2009450-8\u2009200 cal. BC\u2009; <em>Fig.\u20083<\/em>) et d\u2019atteindre, en fin de campagne, la base des niveaux anthropiques.<\/p>\n\n\n\n<p><strong>Bibliographie<\/strong>&nbsp;:<\/p>\n\n\n\n<p>Angelin\u00a02017a<br>Angelin A., Le M\u00e9solithique des Alpes fran\u00e7aises du Nord. Synth\u00e8se d\u2019apr\u00e8s l\u2019\u00e9tude des industries lithiques de l\u2019abri-sous-roche de la Grande Rivoire (Is\u00e8re, France), th\u00e8se de doctorat (Toulouse, \u00c9cole des Hautes \u00e9tudes en Sciences sociales [EHESS]).\u00a0\u00a0\u00a0\u00a0\u00a0\u00a0\u00a0\u00a0\u00a0\u00a0<\/p>\n\n\n\n<p>Angelin\u00a02017b<br>Angelin A., \u00ab\u2009Le M\u00e9solithique des Alpes fran\u00e7aises du Nord. Synth\u00e8se d\u2019apr\u00e8s l\u2019\u00e9tude des industries lithiques de l\u2019abri-sous-roche de la Grande Rivoire (Is\u00e8re, France)\u2009\u00bb, Bulletin de la Soci\u00e9t\u00e9 pr\u00e9historique fran\u00e7aise, 114, 3, pp.\u00a0580-582.<\/p>\n\n\n\n<p>Angelin, Robbe 2020<br>Angelin A., Robbe J., <em>Fouille arch\u00e9ologique de la Grande Rivoire \u00e0 Sassenage (Is\u00e8re). Rapport d\u2019op\u00e9ration 2<\/em>\u2009<em>020<\/em>, Rapport de fouille (in\u00e9dit), Grenoble\u00a0: D\u00e9partement de l\u2019Is\u00e8re, Service r\u00e9gional de l\u2019arch\u00e9ologie d\u2019Auvergne-Rh\u00f4ne-Alpes.<\/p>\n\n\n\n<p>Angelin, Robbe 2021<br>Angelin A., Robbe J., <em>Fouille arch\u00e9ologique de la Grande Rivoire \u00e0 Sassenage (Is\u00e8re, Auvergne-Rh\u00f4ne-Alpes). Rapport final d\u2019op\u00e9ration programm\u00e9e annuelle 2<\/em>\u2009<em>021<\/em>, Rapport de fouille (in\u00e9dit), Grenoble\u00a0: D\u00e9partement de l\u2019Is\u00e8re, Service r\u00e9gional de l\u2019arch\u00e9ologie d\u2019Auvergne-Rh\u00f4ne-Alpes.<\/p>\n\n\n\n<p>Nicod et al. 2003<br>Nicod P.-Y., Picavet R., \u00ab\u00a0La stratigraphie de la Grande Rivoire (Is\u00e8re, France) et la question de la n\u00e9olithisation alpine\u00a0\u00bb, in Besse M., Stahl Gretsch L.-I., Curdy P. (\u00e9d.), ConstellaSion\u00a0: hommage \u00e0 Alain Gallay, Lausanne\u00a0: Cahiers d\u2019arch\u00e9ologie romande, coll. \u00ab\u2009Cahiers d\u2019arch\u00e9ologie romande\u2009\u00bb, 95, pp.\u00a0147-168.\u00a0\u00a0\u00a0<\/p>\n\n\n\n<p>Nicod et al. 2012<br>Nicod P.-Y., Perrin T., Brochier J. L., Chaix L., Marquebielle B., Picavet R., Vannieuwenhuyse D., \u00ab\u2009Continuit\u00e9s et ruptures culturelles entre chasseurs m\u00e9solithiques et chasseurs n\u00e9olithiques en Vercors, analyse pr\u00e9liminaire des niveaux du M\u00e9solithique r\u00e9cent et du N\u00e9olithique ancien sans c\u00e9ramique de l\u2019abri-sous-roche de la Grande Rivoire (Sassenage, Is\u00e8re)\u2009\u00bb, in Perrin T., S\u00e9n\u00e9part I., Cauliez J., Thirault E., Bonnardin S. (\u00e9d.), Dynamismes et rythmes \u00e9volutifs des soci\u00e9t\u00e9s de la Pr\u00e9histoire r\u00e9cente. Actualit\u00e9 de la recherche, Actes des 9<sup>e<\/sup> Rencontres m\u00e9ridionales de Pr\u00e9histoire R\u00e9cente (Saint-Georges-de-Didonne, 8-9\u00a0octobre 2\u2009010), Toulouse\u00a0: Archives d\u2019Ecologie Pr\u00e9historique, pp.\u00a013-32.<\/p>\n\n\n\n<p>Picavet\u00a01999<br>Picavet R., \u00ab\u2009Les niveaux du M\u00e9solithique au N\u00e9olithique de l\u2019abri de la Grande-Rivoire (Sassenage, Is\u00e8re, Vercors, France)\/The Mesolithic to Neolithic levels of La Grande-Rivoire rockshelter (Sassenage, Is\u00e8re, Vercors, France)\u2009\u00bb, in Bintz P., Th\u00e9venin A. (\u00e9d.), <em>L\u2019Europe des derniers chasseurs. \u00c9pipal\u00e9olithique et M\u00e9solithique<\/em>, vol. Actes du 5<sup>e<\/sup> colloque international UISPP, Commission XII (Grenoble, 18-23\u00a0septembre 1\u2009995), Paris\u00a0: CTHS, coll. \u00ab\u2009Documents pr\u00e9historiques\u2009\u00bb, 12, pp.\u00a0617-625.<\/p>\n<\/div><\/div>\n\n\n\n<div class=\"wp-block-genesis-blocks-gb-column gb-block-layout-column\"><div class=\"gb-block-layout-column-inner has-nv-light-bg-background-color\" style=\"padding-top:10px;padding-right:10px;padding-bottom:10px;padding-left:10px\">\n<figure class=\"wp-block-image size-large is-style-default\"><img loading=\"lazy\" decoding=\"async\" width=\"1024\" height=\"667\" src=\"https:\/\/avdpa.org\/wp-content\/uploads\/2023\/03\/figure_01-1024x667.jpg\" alt=\"\" class=\"wp-image-105\" srcset=\"https:\/\/avdpa.org\/wp-content\/uploads\/2023\/03\/figure_01-1024x667.jpg 1024w, https:\/\/avdpa.org\/wp-content\/uploads\/2023\/03\/figure_01-300x195.jpg 300w, https:\/\/avdpa.org\/wp-content\/uploads\/2023\/03\/figure_01-768x500.jpg 768w, https:\/\/avdpa.org\/wp-content\/uploads\/2023\/03\/figure_01-1536x1000.jpg 1536w, https:\/\/avdpa.org\/wp-content\/uploads\/2023\/03\/figure_01.jpg 1949w\" sizes=\"auto, (max-width: 1024px) 100vw, 1024px\" \/><figcaption class=\"wp-element-caption\"><em>Fig. 1 : vue de l\u2019abri-sous-roche depuis la route d\u00e9partementale D531. La limite sup\u00e9rieure du talus d\u2019\u00e9boulis, avant son exploitation en carri\u00e8re, est marqu\u00e9e sur la falaise par une diff\u00e9rence de teinte du calcaire. Photographie : Pierre-Yves Nicod (Universit\u00e9 de Gen\u00e8ve, CH).<\/em><\/figcaption><\/figure>\n\n\n\n<figure class=\"wp-block-image size-large\"><img loading=\"lazy\" decoding=\"async\" width=\"1024\" height=\"683\" src=\"https:\/\/avdpa.org\/wp-content\/uploads\/2023\/03\/figure_02_light-1024x683.jpg\" alt=\"\" class=\"wp-image-107\" srcset=\"https:\/\/avdpa.org\/wp-content\/uploads\/2023\/03\/figure_02_light-1024x683.jpg 1024w, https:\/\/avdpa.org\/wp-content\/uploads\/2023\/03\/figure_02_light-300x200.jpg 300w, https:\/\/avdpa.org\/wp-content\/uploads\/2023\/03\/figure_02_light-768x512.jpg 768w, https:\/\/avdpa.org\/wp-content\/uploads\/2023\/03\/figure_02_light-1536x1024.jpg 1536w, https:\/\/avdpa.org\/wp-content\/uploads\/2023\/03\/figure_02_light-2048x1365.jpg 2048w, https:\/\/avdpa.org\/wp-content\/uploads\/2023\/03\/figure_02_light-600x400.jpg 600w, https:\/\/avdpa.org\/wp-content\/uploads\/2023\/03\/figure_02_light-1200x800.jpg 1200w, https:\/\/avdpa.org\/wp-content\/uploads\/2023\/03\/figure_02_light-930x620.jpg 930w\" sizes=\"auto, (max-width: 1024px) 100vw, 1024px\" \/><figcaption class=\"wp-element-caption\"><em>Fig. 2 : vue du chantier durant la campagne de fouille 2022. Photographie : Alex Angelin.<\/em><\/figcaption><\/figure>\n\n\n\n<figure class=\"wp-block-image size-large\"><img loading=\"lazy\" decoding=\"async\" width=\"889\" height=\"1024\" src=\"https:\/\/avdpa.org\/wp-content\/uploads\/2023\/03\/figure_03-889x1024.png\" alt=\"\" class=\"wp-image-103\" srcset=\"https:\/\/avdpa.org\/wp-content\/uploads\/2023\/03\/figure_03-889x1024.png 889w, https:\/\/avdpa.org\/wp-content\/uploads\/2023\/03\/figure_03-260x300.png 260w, https:\/\/avdpa.org\/wp-content\/uploads\/2023\/03\/figure_03-768x885.png 768w, https:\/\/avdpa.org\/wp-content\/uploads\/2023\/03\/figure_03-1333x1536.png 1333w, https:\/\/avdpa.org\/wp-content\/uploads\/2023\/03\/figure_03-1777x2048.png 1777w, https:\/\/avdpa.org\/wp-content\/uploads\/2023\/03\/figure_03.png 1976w\" sizes=\"auto, (max-width: 889px) 100vw, 889px\" \/><figcaption class=\"wp-element-caption\"><em>Fig. 3 : mise en parall\u00e8le chronostratigraphique \u2014 et sch\u00e9matique \u2014 des effectifs de marqueurs chronoculturels (armatures de fl\u00e8ches : N=x) du Premier et du Second M\u00e9solithique de la Grande Rivoire d\u00e9couverts dans le secteur SU16-18 entre 2008 et 2011 (Angelin 2017a\u2009; b) et dans le secteur central NR16-21 entre 2014 et 2017 et entre 2020 et 2022. Dessins : R. Picavet et J. Robbe. R\u00e9alisation et infographie : A. Angelin.<\/em><\/figcaption><\/figure>\n<\/div><\/div>\n<\/div><\/div>\n","protected":false},"excerpt":{"rendered":"","protected":false},"author":1,"featured_media":0,"parent":0,"menu_order":0,"comment_status":"closed","ping_status":"closed","template":"","meta":{"neve_meta_sidebar":"","neve_meta_container":"full-width","neve_meta_enable_content_width":"on","neve_meta_content_width":95,"neve_meta_title_alignment":"","neve_meta_author_avatar":"","neve_post_elements_order":"","neve_meta_disable_header":"","neve_meta_disable_footer":"","neve_meta_disable_title":"","_ti_tpc_template_sync":false,"_ti_tpc_template_id":"","footnotes":""},"class_list":["post-104","page","type-page","status-publish","hentry"],"featured_image_src":null,"featured_image_src_square":null,"_links":{"self":[{"href":"https:\/\/avdpa.org\/index.php\/wp-json\/wp\/v2\/pages\/104","targetHints":{"allow":["GET"]}}],"collection":[{"href":"https:\/\/avdpa.org\/index.php\/wp-json\/wp\/v2\/pages"}],"about":[{"href":"https:\/\/avdpa.org\/index.php\/wp-json\/wp\/v2\/types\/page"}],"author":[{"embeddable":true,"href":"https:\/\/avdpa.org\/index.php\/wp-json\/wp\/v2\/users\/1"}],"replies":[{"embeddable":true,"href":"https:\/\/avdpa.org\/index.php\/wp-json\/wp\/v2\/comments?post=104"}],"version-history":[{"count":4,"href":"https:\/\/avdpa.org\/index.php\/wp-json\/wp\/v2\/pages\/104\/revisions"}],"predecessor-version":[{"id":139,"href":"https:\/\/avdpa.org\/index.php\/wp-json\/wp\/v2\/pages\/104\/revisions\/139"}],"wp:attachment":[{"href":"https:\/\/avdpa.org\/index.php\/wp-json\/wp\/v2\/media?parent=104"}],"curies":[{"name":"wp","href":"https:\/\/api.w.org\/{rel}","templated":true}]}}